{"id":125,"date":"2021-04-26T17:18:02","date_gmt":"2021-04-26T17:18:02","guid":{"rendered":"https:\/\/rechtsanwalt-yh.de\/?page_id=125"},"modified":"2021-04-26T17:18:02","modified_gmt":"2021-04-26T17:18:02","slug":"impressum","status":"publish","type":"page","link":"https:\/\/rechtsanwalt-yh.de\/?page_id=125","title":{"rendered":"Impressum"},"content":{"rendered":"\n<p>Inhaber der Kanzlei: York Hoffmann<\/p>\n\n\n\n<p>Sitz der Kanzlei: Wurzner Str. 11, 04827 Machern<\/p>\n\n\n\n<p>Telefon: 034292 63738<\/p>\n\n\n\n<p>Mobil: 0179 8621080<\/p>\n\n\n\n<p>Telefax: 034292 63794<\/p>\n\n\n\n<p>Email: kanzlei@rechtsanwalt-yh.de<\/p>\n\n\n\n<p>Berufsbezeichnung: Die Berufsbezeichnung Rechtsanwalt wurde in Deutschland verliehen.<\/p>\n\n\n\n<p>Kammerzugeh\u00f6rigkeit: Rechtsanwaltskammer Sachsen, Glacisstr. 6, 01099 Dresden<\/p>\n\n\n\n<p>Aufsichtsbeh\u00f6rde: Rechtsanwaltskammer Sachsen, Glacisstr. 6, 01099 Dresden<\/p>\n\n\n\n<p>Berufsrechtliche Bestimmungen: Berufsordnung f\u00fcr Rechtsanw\u00e4lte (BORA), Bundesrechtsanwaltsordnung (BRAO), Rechtsanwaltsverg\u00fctungsgesetzt (RVG), Fachanwaltsordnung, Berufsregeln der Rechtsanw\u00e4lte der Europ\u00e4ischen Union (CCBE), Berufsregeln der Rechtsanw\u00e4lte der Europ\u00e4ischen Union (CCBE-Berufsregeln), Geldw\u00e4schebek\u00e4mpfungsgesetz (GwG), Dienstleistungs-Informationspflichten-Verordnung (DL-InfoV)<\/p>\n\n\n\n<p>Die vorgenannten gesetzlichen Bestimmungen k\u00f6nnen Sie auf der Website der Bundesrechtsanwaltskammer[link=https:\/\/brak.de\/fuer-anwaelte\/berufsrecht\/] nachlesen.<\/p>\n","protected":false},"excerpt":{"rendered":"<p>Inhaber der Kanzlei: York Hoffmann Sitz der Kanzlei: Wurzner Str. 11, 04827 Machern Telefon: 034292 63738 Mobil: 0179 8621080 Telefax: 034292 63794 Email: kanzlei@rechtsanwalt-yh.de Berufsbezeichnung: Die Berufsbezeichnung Rechtsanwalt wurde in Deutschland verliehen. Kammerzugeh\u00f6rigkeit: Rechtsanwaltskammer Sachsen, Glacisstr. 6, 01099 Dresden Aufsichtsbeh\u00f6rde: Rechtsanwaltskammer Sachsen, Glacisstr. 6, 01099 Dresden Berufsrechtliche Bestimmungen: Berufsordnung f\u00fcr Rechtsanw\u00e4lte (BORA), Bundesrechtsanwaltsordnung (BRAO), Rechtsanwaltsverg\u00fctungsgesetzt &hellip; <\/p>\n<p class=\"link-more\"><a href=\"https:\/\/rechtsanwalt-yh.de\/?page_id=125\" class=\"more-link\"><span class=\"screen-reader-text\">\u201eImpressum\u201c <\/span>weiterlesen<\/a><\/p>\n","protected":false},"author":1,"featured_media":0,"parent":0,"menu_order":0,"comment_status":"closed","ping_status":"closed","template":"","meta":{"footnotes":""},"class_list":["post-125","page","type-page","status-publish","hentry"],"_links":{"self":[{"href":"https:\/\/rechtsanwalt-yh.de\/index.php?rest_route=\/wp\/v2\/pages\/125","targetHints":{"allow":["GET"]}}],"collection":[{"href":"https:\/\/rechtsanwalt-yh.de\/index.php?rest_route=\/wp\/v2\/pages"}],"about":[{"href":"https:\/\/rechtsanwalt-yh.de\/index.php?rest_route=\/wp\/v2\/types\/page"}],"author":[{"embeddable":true,"href":"https:\/\/rechtsanwalt-yh.de\/index.php?rest_route=\/wp\/v2\/users\/1"}],"replies":[{"embeddable":true,"href":"https:\/\/rechtsanwalt-yh.de\/index.php?rest_route=%2Fwp%2Fv2%2Fcomments&post=125"}],"version-history":[{"count":1,"href":"https:\/\/rechtsanwalt-yh.de\/index.php?rest_route=\/wp\/v2\/pages\/125\/revisions"}],"predecessor-version":[{"id":126,"href":"https:\/\/rechtsanwalt-yh.de\/index.php?rest_route=\/wp\/v2\/pages\/125\/revisions\/126"}],"wp:attachment":[{"href":"https:\/\/rechtsanwalt-yh.de\/index.php?rest_route=%2Fwp%2Fv2%2Fmedia&parent=125"}],"curies":[{"name":"wp","href":"https:\/\/api.w.org\/{rel}","templated":true}]}}